{"id":40,"date":"2022-01-30T10:35:27","date_gmt":"2022-01-30T10:35:27","guid":{"rendered":"http:\/\/vina-co.ir\/orca\/materials\/?page_id=40"},"modified":"2022-01-30T10:35:27","modified_gmt":"2022-01-30T10:35:27","slug":"shea-nut-butter","status":"publish","type":"page","link":"https:\/\/orcaworldtechnology.com\/materials\/shea-nut-butter\/","title":{"rendered":"Shea Nut butter"},"content":{"rendered":"<p>[vc_section full_width=&#8221;stretch_row&#8221; css=&#8221;.vc_custom_1630131534825{background-image: url(http:\/\/vina-co.ir\/orca\/wp-content\/uploads\/2021\/08\/wrap-bg.jpg?id=41) !important;}&#8221; mobile_bg_img_hidden=&#8221;no&#8221; tablet_bg_img_hidden=&#8221;no&#8221; woodmart_parallax=&#8221;0&#8243; woodmart_gradient_switch=&#8221;no&#8221; woodmart_disable_overflow=&#8221;0&#8243;][vc_row][vc_column width=&#8221;1\/2&#8243;][vc_column_text woodmart_inline=&#8221;no&#8221; text_larger=&#8221;no&#8221;]<\/p>\n<p style=\"text-align: justify;\">Shea Nut butter<br \/>\nShea butter is a fat extracted from the nut of the African shea tree (Vitellaria paradoxa). It is ivory in color when raw, with more processed versions being white in color, although it is commonly dyed yellow with borututu root or palm oil. It is widely used in cosmetics as a moisturizer, salve or lotion. Shea butter is edible and is used in food preparation in some African countries. Occasionally, shea butter is mixed with other oils as a substitute for cocoa butter, although the taste is noticeably different.<\/p>\n<p style=\"text-align: justify;\">The English word &#8220;shea&#8221; comes from s\u2019\u00ed, the tree&#8217;s name in Bambara. It is known by many local names, e.g., Kpakahili in Dagbani, taama in Waala, nkuto in Twi, ka\u0257e or ka\u0257anya in Hausa, \u00d2kw\u00f9m\u00e1 in Igbo language, \u00f2r\u00ed in Yoruba language, karit\u00e9 in the Wolof language of Senegal, ori in some parts of West Africa, and many others.<\/p>\n<p style=\"text-align: justify;\">Use<br \/>\nShea butter is a fat extracted from the nut of the African shea tree (Vitellaria paradoxa). It is ivory in color when raw, with more processed versions being white in color, although it is commonly dyed yellow with borututu root or palm oil. It is widely used in cosmetics as a moisturizer, salve or lotion. Shea butter is edible and is used in food preparation in some African countries. Occasionally, shea butter is mixed with other oils as a substitute for cocoa butter, although the taste is noticeably different.<\/p>\n<p style=\"text-align: justify;\">The English word &#8220;shea&#8221; comes from s\u2019\u00ed, the tree&#8217;s name in Bambara. It is known by many local names, e.g., Kpakahili in Dagbani, taama in Waala, nkuto in Twi, ka\u0257e or ka\u0257anya in Hausa, \u00d2kw\u00f9m\u00e1 in Igbo language, \u00f2r\u00ed in Yoruba language, karit\u00e9 in the Wolof language of Senegal, ori in some parts of West Africa, and many others.<\/p>\n<p>[\/vc_column_text][\/vc_column][vc_column width=&#8221;1\/2&#8243;][vc_single_image image=&#8221;24&#8243; img_size=&#8221;full&#8221; alignment=&#8221;center&#8221; woodmart_inline=&#8221;no&#8221; parallax_scroll=&#8221;no&#8221;][\/vc_column][\/vc_row][\/vc_section]<\/p>\n","protected":false},"excerpt":{"rendered":"<p>[vc_section full_width=&#8221;stretch_row&#8221; css=&#8221;.vc_custom_1630131534825{background-image: url(http:\/\/vina-co.ir\/orca\/wp-content\/uploads\/2021\/08\/wrap-bg.jpg?id=41) !important;}&#8221; mobile_bg_img_hidden=&#8221;no&#8221; tablet_bg_img_hidden=&#8221;no&#8221; woodmart_parallax=&#8221;0&#8243; woodmart_gradient_switch=&#8221;no&#8221; woodmart_disable_overflow=&#8221;0&#8243;][vc_row][vc_column width=&#8221;1\/2&#8243;][vc_column_text woodmart_inline=&#8221;no&#8221; text_larger=&#8221;no&#8221;] Shea Nut butter Shea butter is a<\/p>\n","protected":false},"author":1,"featured_media":0,"parent":0,"menu_order":0,"comment_status":"closed","ping_status":"closed","template":"","meta":{"footnotes":""},"class_list":["post-40","page","type-page","status-publish","hentry"],"_links":{"self":[{"href":"https:\/\/orcaworldtechnology.com\/materials\/wp-json\/wp\/v2\/pages\/40","targetHints":{"allow":["GET"]}}],"collection":[{"href":"https:\/\/orcaworldtechnology.com\/materials\/wp-json\/wp\/v2\/pages"}],"about":[{"href":"https:\/\/orcaworldtechnology.com\/materials\/wp-json\/wp\/v2\/types\/page"}],"author":[{"embeddable":true,"href":"https:\/\/orcaworldtechnology.com\/materials\/wp-json\/wp\/v2\/users\/1"}],"replies":[{"embeddable":true,"href":"https:\/\/orcaworldtechnology.com\/materials\/wp-json\/wp\/v2\/comments?post=40"}],"version-history":[{"count":2,"href":"https:\/\/orcaworldtechnology.com\/materials\/wp-json\/wp\/v2\/pages\/40\/revisions"}],"predecessor-version":[{"id":42,"href":"https:\/\/orcaworldtechnology.com\/materials\/wp-json\/wp\/v2\/pages\/40\/revisions\/42"}],"wp:attachment":[{"href":"https:\/\/orcaworldtechnology.com\/materials\/wp-json\/wp\/v2\/media?parent=40"}],"curies":[{"name":"wp","href":"https:\/\/api.w.org\/{rel}","templated":true}]}}